{"id":95,"date":"2012-05-25T13:40:50","date_gmt":"2012-05-25T13:40:50","guid":{"rendered":"http:\/\/www.cine-coaching.com\/?page_id=95"},"modified":"2017-01-31T11:12:48","modified_gmt":"2017-01-31T11:12:48","slug":"quelques-mots-sur-lauteur","status":"publish","type":"page","link":"https:\/\/www.cine-coaching.com\/?page_id=95","title":{"rendered":"Quelques mots sur l&rsquo;auteur"},"content":{"rendered":"<p>Dipl\u00f4m\u00e9 de l\u2019ESCP.\u00a0En tant que consultant au BOSTON CONSULTING GROUP \u00a0Paris, Olivier Jacob participe notamment \u00e0 des missions de conseil ax\u00e9es sur l\u2019\u00e9laboration de strat\u00e9gies de d\u00e9veloppement et \u00e0 la mise en \u0153uvre de strat\u00e9gies de croissance dans des soci\u00e9t\u00e9s de taille moyenne. Il participe aussi \u00e0 la r\u00e9organisation de grands groupes \u00e0 l\u2019occasion notamment de fusions.<\/p>\n<p>Il se consacre ensuite \u00e0 des fonctions de d\u00e9veloppement commercial d\u2019abord dans une start-up en tant que Directeur du Business Development puis en tant que Directeur Commercial Grands Comptes chez FREEMARKETS : leader du esourcing (r\u00e9duction des co\u00fbts via des ench\u00e8res en ligne pour les grandes soci\u00e9t\u00e9s).<\/p>\n<p>En 2007, Olivier cr\u00e9e In\u00e9a Conseil en partenariat avec Innovactif \u00a0et anime de nombreuses sessions de formation en management et des ateliers commerciaux dans le secteur du conseil et du service. Il d\u00e9veloppe ensuite des ateliers d&rsquo;am\u00e9lioration de la relation client \u00a0et cr\u00e9e l&rsquo;Acad\u00e9mie de la n\u00e9gociation.<\/p>\n","protected":false},"excerpt":{"rendered":"<p>Dipl\u00f4m\u00e9 de l\u2019ESCP.\u00a0En tant que consultant au BOSTON CONSULTING GROUP \u00a0Paris, Olivier Jacob participe notamment \u00e0 des missions de conseil ax\u00e9es sur l\u2019\u00e9laboration de strat\u00e9gies de d\u00e9veloppement et \u00e0 la mise en \u0153uvre de strat\u00e9gies de croissance dans des soci\u00e9t\u00e9s de taille moyenne. Il participe aussi \u00e0 la r\u00e9organisation de grands groupes \u00e0 l\u2019occasion notamment [&hellip;]<\/p>\n","protected":false},"author":1,"featured_media":0,"parent":0,"menu_order":0,"comment_status":"open","ping_status":"open","template":"","meta":{"footnotes":""},"class_list":["post-95","page","type-page","status-publish","hentry"],"_links":{"self":[{"href":"https:\/\/www.cine-coaching.com\/index.php?rest_route=\/wp\/v2\/pages\/95"}],"collection":[{"href":"https:\/\/www.cine-coaching.com\/index.php?rest_route=\/wp\/v2\/pages"}],"about":[{"href":"https:\/\/www.cine-coaching.com\/index.php?rest_route=\/wp\/v2\/types\/page"}],"author":[{"embeddable":true,"href":"https:\/\/www.cine-coaching.com\/index.php?rest_route=\/wp\/v2\/users\/1"}],"replies":[{"embeddable":true,"href":"https:\/\/www.cine-coaching.com\/index.php?rest_route=%2Fwp%2Fv2%2Fcomments&post=95"}],"version-history":[{"count":4,"href":"https:\/\/www.cine-coaching.com\/index.php?rest_route=\/wp\/v2\/pages\/95\/revisions"}],"predecessor-version":[{"id":312,"href":"https:\/\/www.cine-coaching.com\/index.php?rest_route=\/wp\/v2\/pages\/95\/revisions\/312"}],"wp:attachment":[{"href":"https:\/\/www.cine-coaching.com\/index.php?rest_route=%2Fwp%2Fv2%2Fmedia&parent=95"}],"curies":[{"name":"wp","href":"https:\/\/api.w.org\/{rel}","templated":true}]}}