{"id":189,"date":"2016-05-04T10:37:06","date_gmt":"2016-05-04T10:37:06","guid":{"rendered":"http:\/\/www.cine-coaching.com\/?page_id=189"},"modified":"2017-03-22T10:17:45","modified_gmt":"2017-03-22T10:17:45","slug":"contact","status":"publish","type":"page","link":"https:\/\/www.cine-coaching.com\/?page_id=189","title":{"rendered":"Nous contacter"},"content":{"rendered":"<p>Vous souhaitez int\u00e9grer des extraits de films dans vos formations ou s\u00e9minaires ?<\/p>\n<p>Contacter nous au <strong>01 47 20 31 46<\/strong> ou par mail \u00e0 l&rsquo;adresse\u00a0<strong>contact@ineaconseil.fr<\/strong><\/p>\n<p>Vous pouvez \u00e9galement consulter notre site,\u00a0<a href=\"http:\/\/www.ineaconseil.fr\/contact\/\">Inea Conseil<\/a><\/p>\n","protected":false},"excerpt":{"rendered":"<p>Vous souhaitez int\u00e9grer des extraits de films dans vos formations ou s\u00e9minaires ? Contacter nous au 01 47 20 31 46 ou par mail \u00e0 l&rsquo;adresse\u00a0contact@ineaconseil.fr Vous pouvez \u00e9galement consulter notre site,\u00a0Inea Conseil<\/p>\n","protected":false},"author":1,"featured_media":0,"parent":0,"menu_order":0,"comment_status":"closed","ping_status":"closed","template":"","meta":{"footnotes":""},"class_list":["post-189","page","type-page","status-publish","hentry"],"_links":{"self":[{"href":"https:\/\/www.cine-coaching.com\/index.php?rest_route=\/wp\/v2\/pages\/189"}],"collection":[{"href":"https:\/\/www.cine-coaching.com\/index.php?rest_route=\/wp\/v2\/pages"}],"about":[{"href":"https:\/\/www.cine-coaching.com\/index.php?rest_route=\/wp\/v2\/types\/page"}],"author":[{"embeddable":true,"href":"https:\/\/www.cine-coaching.com\/index.php?rest_route=\/wp\/v2\/users\/1"}],"replies":[{"embeddable":true,"href":"https:\/\/www.cine-coaching.com\/index.php?rest_route=%2Fwp%2Fv2%2Fcomments&post=189"}],"version-history":[{"count":6,"href":"https:\/\/www.cine-coaching.com\/index.php?rest_route=\/wp\/v2\/pages\/189\/revisions"}],"predecessor-version":[{"id":325,"href":"https:\/\/www.cine-coaching.com\/index.php?rest_route=\/wp\/v2\/pages\/189\/revisions\/325"}],"wp:attachment":[{"href":"https:\/\/www.cine-coaching.com\/index.php?rest_route=%2Fwp%2Fv2%2Fmedia&parent=189"}],"curies":[{"name":"wp","href":"https:\/\/api.w.org\/{rel}","templated":true}]}}